{"id":783,"date":"2025-08-06T18:17:18","date_gmt":"2025-08-06T16:17:18","guid":{"rendered":"https:\/\/mementovivere.be\/?page_id=783"},"modified":"2025-10-30T13:01:09","modified_gmt":"2025-10-30T12:01:09","slug":"biennale-dart-contemporain-2025","status":"publish","type":"page","link":"https:\/\/mementovivere.be\/index.php\/biennale-dart-contemporain-2025\/","title":{"rendered":"Biennale d&rsquo;art contemporain 2025 \u2014 Le Palais, Arlon"},"content":{"rendered":"\n<h1 class=\"wp-block-heading\">porain 2025 \u2014 Le Palais, Arlon<\/h1>\n\n\n\n<p>Au\ud83d\udcc5 <strong>Du 21 au 30 novembre 2025<\/strong><br>\ud83d\udccd <strong>Le Palais, Arlon<\/strong><br>\ud83d\udd50 <strong>Ouvert tous les jours de 13h30 \u00e0 17h30<\/strong> (ferm\u00e9 le lundi)<\/p>\n\n\n\n<p>\ud83e\udd42 <strong>Vernissage le vendredi 21 novembre \u00e0 19h00<\/strong><\/p>\n\n\n\n<p>Aux confins de trois pays, Arlon s\u2019impose comme un territoire singulier, o\u00f9 les circulations nourrissent les imaginaires.<\/p>\n\n\n\n<p>Carrefour de cultures, de rythmes et de regards multiples, la ville offre aux artistes un contexte rare :<br>celui d\u2019une sc\u00e8ne en \u00e9mergence, connect\u00e9e \u00e0 un r\u00e9seau international curieux, cultiv\u00e9 et attentif.<\/p>\n\n\n\n<p>Dans ce paysage en mouvement, Le Palais devient un point d\u2019ancrage.<br>Un lieu majestueux, charg\u00e9 d\u2019histoire, pr\u00eat \u00e0 accueillir les \u00e9lans cr\u00e9atifs, les regards int\u00e9rieurs, les formes qui interrogent le monde.<br>Un espace \u00e0 r\u00e9inventer, entre pr\u00e9sence patrimoniale et pens\u00e9e contemporaine.<\/p>\n\n\n\n<h3 class=\"wp-block-heading\"><strong>45 artistes, 45 univers<\/strong><\/h3>\n\n\n\n<p>Cette biennale r\u00e9unit <strong>45 artistes pluridisciplinaires<\/strong> issus de la sc\u00e8ne contemporaine.<br>Peinture, sculpture, photographie, dessin, c\u00e9ramique, textile ou installation : leurs pratiques se rencontrent et se r\u00e9pondent, tra\u00e7ant un panorama vivant de la cr\u00e9ation d\u2019aujourd\u2019hui.<\/p>\n\n\n\n<p>Chaque \u0153uvre ouvre un monde singulier \u2014 sensible, politique, po\u00e9tique ou exp\u00e9rimental. Ensemble, elles composent une travers\u00e9e o\u00f9 se m\u00ealent mati\u00e8res, gestes et \u00e9motions.<\/p>\n\n\n\n<p>Plus qu\u2019une exposition, la biennale est une c\u00e9l\u00e9bration de la diversit\u00e9 des regards et des savoir-faire.<br>Venez d\u00e9couvrir celles et ceux qui fa\u00e7onnent le pr\u00e9sent de l\u2019art et inventent ses formes \u00e0 venir.<br><\/p>\n\n\n\n<p><\/p>\n\n\n\n<figure class=\"wp-block-image size-large\"><img loading=\"lazy\" decoding=\"async\" width=\"819\" height=\"1024\" src=\"https:\/\/mementovivere.be\/wp-content\/uploads\/2025\/10\/biennale-2025-1-819x1024.jpg\" alt=\"\" class=\"wp-image-823\" srcset=\"https:\/\/mementovivere.be\/wp-content\/uploads\/2025\/10\/biennale-2025-1-819x1024.jpg 819w, https:\/\/mementovivere.be\/wp-content\/uploads\/2025\/10\/biennale-2025-1-240x300.jpg 240w, https:\/\/mementovivere.be\/wp-content\/uploads\/2025\/10\/biennale-2025-1-768x960.jpg 768w, https:\/\/mementovivere.be\/wp-content\/uploads\/2025\/10\/biennale-2025-1.jpg 1080w\" sizes=\"auto, (max-width: 767px) 89vw, (max-width: 1000px) 54vw, (max-width: 1071px) 543px, 580px\" \/><\/figure>\n\n\n\n<hr class=\"wp-block-separator has-alpha-channel-opacity\"\/>\n\n\n\n<p><\/p>\n\n\n\n<p><\/p>\n","protected":false},"excerpt":{"rendered":"<p>porain 2025 \u2014 Le Palais, Arlon Au\ud83d\udcc5 Du 21 au 30 novembre 2025\ud83d\udccd Le Palais, Arlon\ud83d\udd50 Ouvert tous les jours de 13h30 \u00e0 17h30 (ferm\u00e9 le lundi) \ud83e\udd42 Vernissage le vendredi 21 novembre \u00e0 19h00 Aux confins de trois pays, Arlon s\u2019impose comme un territoire singulier, o\u00f9 les circulations nourrissent les imaginaires. Carrefour de cultures, &hellip; <\/p>\n<p class=\"link-more\"><a href=\"https:\/\/mementovivere.be\/index.php\/biennale-dart-contemporain-2025\/\" class=\"more-link\">Continuer la lecture<span class=\"screen-reader-text\"> de &laquo;&nbsp;Biennale d&rsquo;art contemporain 2025 \u2014 Le Palais, Arlon&nbsp;&raquo;<\/span><\/a><\/p>\n","protected":false},"author":1,"featured_media":0,"parent":0,"menu_order":0,"comment_status":"closed","ping_status":"closed","template":"","meta":{"footnotes":""},"class_list":["post-783","page","type-page","status-publish","hentry"],"_links":{"self":[{"href":"https:\/\/mementovivere.be\/index.php\/wp-json\/wp\/v2\/pages\/783","targetHints":{"allow":["GET"]}}],"collection":[{"href":"https:\/\/mementovivere.be\/index.php\/wp-json\/wp\/v2\/pages"}],"about":[{"href":"https:\/\/mementovivere.be\/index.php\/wp-json\/wp\/v2\/types\/page"}],"author":[{"embeddable":true,"href":"https:\/\/mementovivere.be\/index.php\/wp-json\/wp\/v2\/users\/1"}],"replies":[{"embeddable":true,"href":"https:\/\/mementovivere.be\/index.php\/wp-json\/wp\/v2\/comments?post=783"}],"version-history":[{"count":14,"href":"https:\/\/mementovivere.be\/index.php\/wp-json\/wp\/v2\/pages\/783\/revisions"}],"predecessor-version":[{"id":847,"href":"https:\/\/mementovivere.be\/index.php\/wp-json\/wp\/v2\/pages\/783\/revisions\/847"}],"wp:attachment":[{"href":"https:\/\/mementovivere.be\/index.php\/wp-json\/wp\/v2\/media?parent=783"}],"curies":[{"name":"wp","href":"https:\/\/api.w.org\/{rel}","templated":true}]}}