{"id":83,"date":"2023-01-15T16:57:12","date_gmt":"2023-01-15T15:57:12","guid":{"rendered":"https:\/\/mementovivere.be\/?page_id=83"},"modified":"2026-01-27T11:40:45","modified_gmt":"2026-01-27T10:40:45","slug":"a-propos-de","status":"publish","type":"page","link":"https:\/\/mementovivere.be\/","title":{"rendered":"A propos"},"content":{"rendered":"\n<p class=\"has-large-font-size\">Cliquez <a rel=\"noreferrer noopener\" href=\"http:\/\/eepurl.com\/h9DOJX\" data-type=\"URL\" data-id=\"http:\/\/eepurl.com\/h9DOJX\" target=\"_blank\"><strong>ici<\/strong><\/a> pour vous inscrire \u00e0 la newsletter<\/p>\n\n\n\n<figure class=\"wp-block-image size-full is-resized\"><img loading=\"lazy\" decoding=\"async\" width=\"2560\" height=\"1352\" src=\"https:\/\/mementovivere.be\/wp-content\/uploads\/2026\/01\/Logo-etroit-sans-phrase-scaled.png\" alt=\"\" class=\"wp-image-920\" style=\"width:600px;height:378px\" srcset=\"https:\/\/mementovivere.be\/wp-content\/uploads\/2026\/01\/Logo-etroit-sans-phrase-scaled.png 2560w, https:\/\/mementovivere.be\/wp-content\/uploads\/2026\/01\/Logo-etroit-sans-phrase-300x158.png 300w, https:\/\/mementovivere.be\/wp-content\/uploads\/2026\/01\/Logo-etroit-sans-phrase-1024x541.png 1024w, https:\/\/mementovivere.be\/wp-content\/uploads\/2026\/01\/Logo-etroit-sans-phrase-768x406.png 768w, https:\/\/mementovivere.be\/wp-content\/uploads\/2026\/01\/Logo-etroit-sans-phrase-1536x811.png 1536w, https:\/\/mementovivere.be\/wp-content\/uploads\/2026\/01\/Logo-etroit-sans-phrase-2048x1081.png 2048w\" sizes=\"auto, (max-width: 767px) 89vw, (max-width: 1000px) 54vw, (max-width: 1071px) 543px, 580px\" \/><\/figure>\n\n\n\n<p>Memento Vivere asbl <strong>offre un espace<\/strong> permettant \u00e0 chacun, moyennant une participation aux frais <strong>\u00e9quitable<\/strong>, d\u2019en faire son atelier artistique avec un espace de rangement pour votre oeuvre en cours et votre mat\u00e9riel.<\/p>\n\n\n\n<p>Pourvu d\u2019une <strong>excellente installation d\u2019\u00e9clairage<\/strong> et des syst\u00e8mes d\u2019accrochage avec des \u0153uvres directement visibles de la voie publique. La galerie est id\u00e9alement nich\u00e9e dans le vieux quartier d&rsquo;Arlon.<\/p>\n\n\n\n<p> Il est accessible via un code d&rsquo;acc\u00e8s personnel de 7.00 \u00e0 22.00, 7 jours sur 7.<\/p>\n\n\n\n<p><br>Avec un <strong>\u00e9quipement complet<\/strong>, comme une <strong>presse<\/strong> pour gravure, des <strong>chevalets<\/strong>, des tables mais aussi des peintures, aquarelles, crayons, fusains etc etc \u00e0 disposition pour tester ou vous d\u00e9panner.<\/p>\n\n\n\n<p><strong>D\u00e9butant ou artiste confirm\u00e9<\/strong>, vous trouverez un lieu pour cr\u00e9er en toute libert\u00e9, tout en rencontrant d\u2019autres artistes pour \u00e9changer des id\u00e9es ou d\u00e9couvrir de nouvelles techniques.<\/p>\n\n\n\n<p><br>Memento Vivere offre aux artistes la possibilit\u00e9 d\u2019organiser plusieurs activit\u00e9s cr\u00e9atives \u00e0 travers des ateliers d\u2019apprentissage et peut \u00eatre utilis\u00e9 comme lieu d\u2019exposition. <\/p>\n\n\n\n<p><br>Sauf exceptions, une pr\u00e9sence est assur\u00e9e par Sophie Pirot, 100 % b\u00e9n\u00e9vole, pour pr\u00e9senter les \u0153uvres des artistes qui exposent et vous accueillir pour vous permettre de vous approprier le lieu le lundi de 14 \u00e0 18 heures, le mardi, mercredi et vendredi de 10 \u00e0 18 heures et le jeudi de 10 \u00e0 21 heures. <\/p>\n\n\n\n<p><br>En cas d&rsquo;urgence: Contact messenger Sophie Pirot<\/p>\n\n\n\n<p><\/p>\n\n\n\n<figure class=\"wp-block-gallery has-nested-images columns-default is-cropped wp-block-gallery-1 is-layout-flex wp-block-gallery-is-layout-flex\">\n<figure class=\"wp-block-image size-large\"><img loading=\"lazy\" decoding=\"async\" width=\"1024\" height=\"683\" data-id=\"136\" src=\"http:\/\/mementovivere.be\/wp-content\/uploads\/2023\/01\/pexels-antoni-shkraba-4442098-1-1024x683.jpg\" alt=\"\" class=\"wp-image-136\" srcset=\"https:\/\/mementovivere.be\/wp-content\/uploads\/2023\/01\/pexels-antoni-shkraba-4442098-1-1024x683.jpg 1024w, https:\/\/mementovivere.be\/wp-content\/uploads\/2023\/01\/pexels-antoni-shkraba-4442098-1-300x200.jpg 300w, https:\/\/mementovivere.be\/wp-content\/uploads\/2023\/01\/pexels-antoni-shkraba-4442098-1-768x512.jpg 768w, https:\/\/mementovivere.be\/wp-content\/uploads\/2023\/01\/pexels-antoni-shkraba-4442098-1-1536x1024.jpg 1536w, https:\/\/mementovivere.be\/wp-content\/uploads\/2023\/01\/pexels-antoni-shkraba-4442098-1-2048x1365.jpg 2048w\" sizes=\"auto, (max-width: 767px) 89vw, (max-width: 1000px) 54vw, (max-width: 1071px) 543px, 580px\" \/><\/figure>\n\n\n\n<figure class=\"wp-block-image size-large\"><img loading=\"lazy\" decoding=\"async\" width=\"764\" height=\"1024\" data-id=\"120\" src=\"https:\/\/mementovivere.be\/wp-content\/uploads\/2023\/01\/local3-1-764x1024.jpg\" alt=\"\" class=\"wp-image-120\" srcset=\"https:\/\/mementovivere.be\/wp-content\/uploads\/2023\/01\/local3-1-764x1024.jpg 764w, https:\/\/mementovivere.be\/wp-content\/uploads\/2023\/01\/local3-1-224x300.jpg 224w, https:\/\/mementovivere.be\/wp-content\/uploads\/2023\/01\/local3-1-768x1029.jpg 768w, https:\/\/mementovivere.be\/wp-content\/uploads\/2023\/01\/local3-1-1146x1536.jpg 1146w, https:\/\/mementovivere.be\/wp-content\/uploads\/2023\/01\/local3-1.jpg 1504w\" sizes=\"auto, (max-width: 706px) 89vw, (max-width: 767px) 82vw, 740px\" \/><\/figure>\n\n\n\n<figure class=\"wp-block-image size-large\"><img loading=\"lazy\" decoding=\"async\" width=\"1024\" height=\"681\" data-id=\"144\" src=\"https:\/\/mementovivere.be\/wp-content\/uploads\/2023\/01\/pexels-centre-for-ageing-better-7849188-1024x681.jpg\" alt=\"\" class=\"wp-image-144\" srcset=\"https:\/\/mementovivere.be\/wp-content\/uploads\/2023\/01\/pexels-centre-for-ageing-better-7849188-1024x681.jpg 1024w, https:\/\/mementovivere.be\/wp-content\/uploads\/2023\/01\/pexels-centre-for-ageing-better-7849188-300x200.jpg 300w, https:\/\/mementovivere.be\/wp-content\/uploads\/2023\/01\/pexels-centre-for-ageing-better-7849188-768x511.jpg 768w, https:\/\/mementovivere.be\/wp-content\/uploads\/2023\/01\/pexels-centre-for-ageing-better-7849188-1536x1022.jpg 1536w, https:\/\/mementovivere.be\/wp-content\/uploads\/2023\/01\/pexels-centre-for-ageing-better-7849188-2048x1363.jpg 2048w\" sizes=\"auto, (max-width: 767px) 89vw, (max-width: 1000px) 54vw, (max-width: 1071px) 543px, 580px\" \/><\/figure>\n\n\n\n<figure class=\"wp-block-image size-large\"><img loading=\"lazy\" decoding=\"async\" width=\"764\" height=\"1024\" data-id=\"121\" src=\"https:\/\/mementovivere.be\/wp-content\/uploads\/2023\/01\/local2-1-764x1024.jpg\" alt=\"\" class=\"wp-image-121\" srcset=\"https:\/\/mementovivere.be\/wp-content\/uploads\/2023\/01\/local2-1-764x1024.jpg 764w, https:\/\/mementovivere.be\/wp-content\/uploads\/2023\/01\/local2-1-224x300.jpg 224w, https:\/\/mementovivere.be\/wp-content\/uploads\/2023\/01\/local2-1-768x1029.jpg 768w, https:\/\/mementovivere.be\/wp-content\/uploads\/2023\/01\/local2-1-1146x1536.jpg 1146w, https:\/\/mementovivere.be\/wp-content\/uploads\/2023\/01\/local2-1.jpg 1504w\" sizes=\"auto, (max-width: 706px) 89vw, (max-width: 767px) 82vw, 740px\" \/><\/figure>\n\n\n\n<figure class=\"wp-block-image size-large\"><img loading=\"lazy\" decoding=\"async\" width=\"1024\" height=\"684\" data-id=\"143\" src=\"https:\/\/mementovivere.be\/wp-content\/uploads\/2023\/01\/pexels-kampus-production-8036830-1024x684.jpg\" alt=\"\" class=\"wp-image-143\" srcset=\"https:\/\/mementovivere.be\/wp-content\/uploads\/2023\/01\/pexels-kampus-production-8036830-1024x684.jpg 1024w, https:\/\/mementovivere.be\/wp-content\/uploads\/2023\/01\/pexels-kampus-production-8036830-300x200.jpg 300w, https:\/\/mementovivere.be\/wp-content\/uploads\/2023\/01\/pexels-kampus-production-8036830-768x513.jpg 768w, https:\/\/mementovivere.be\/wp-content\/uploads\/2023\/01\/pexels-kampus-production-8036830-1536x1025.jpg 1536w, https:\/\/mementovivere.be\/wp-content\/uploads\/2023\/01\/pexels-kampus-production-8036830-2048x1367.jpg 2048w\" sizes=\"auto, (max-width: 767px) 89vw, (max-width: 1000px) 54vw, (max-width: 1071px) 543px, 580px\" \/><\/figure>\n\n\n\n<figure class=\"wp-block-image size-large\"><img loading=\"lazy\" decoding=\"async\" width=\"764\" height=\"1024\" data-id=\"119\" src=\"https:\/\/mementovivere.be\/wp-content\/uploads\/2023\/01\/local4-1-764x1024.jpg\" alt=\"\" class=\"wp-image-119\" srcset=\"https:\/\/mementovivere.be\/wp-content\/uploads\/2023\/01\/local4-1-764x1024.jpg 764w, https:\/\/mementovivere.be\/wp-content\/uploads\/2023\/01\/local4-1-224x300.jpg 224w, https:\/\/mementovivere.be\/wp-content\/uploads\/2023\/01\/local4-1-768x1029.jpg 768w, https:\/\/mementovivere.be\/wp-content\/uploads\/2023\/01\/local4-1-1146x1536.jpg 1146w, https:\/\/mementovivere.be\/wp-content\/uploads\/2023\/01\/local4-1.jpg 1504w\" sizes=\"auto, (max-width: 706px) 89vw, (max-width: 767px) 82vw, 740px\" \/><\/figure>\n\n\n\n<figure class=\"wp-block-image size-large\"><img loading=\"lazy\" decoding=\"async\" width=\"1024\" height=\"683\" data-id=\"145\" src=\"https:\/\/mementovivere.be\/wp-content\/uploads\/2023\/01\/pexels-salo-al-16408-1024x683.jpg\" alt=\"\" class=\"wp-image-145\" srcset=\"https:\/\/mementovivere.be\/wp-content\/uploads\/2023\/01\/pexels-salo-al-16408-1024x683.jpg 1024w, https:\/\/mementovivere.be\/wp-content\/uploads\/2023\/01\/pexels-salo-al-16408-300x200.jpg 300w, https:\/\/mementovivere.be\/wp-content\/uploads\/2023\/01\/pexels-salo-al-16408-768x512.jpg 768w, https:\/\/mementovivere.be\/wp-content\/uploads\/2023\/01\/pexels-salo-al-16408-1536x1024.jpg 1536w, https:\/\/mementovivere.be\/wp-content\/uploads\/2023\/01\/pexels-salo-al-16408-2048x1365.jpg 2048w\" sizes=\"auto, (max-width: 767px) 89vw, (max-width: 1000px) 54vw, (max-width: 1071px) 543px, 580px\" \/><\/figure>\n<\/figure>\n\n\n\n<p><strong>Merci \u00e0 nos sponsors<\/strong><\/p>\n\n\n\n<p>L\u2019ASBL Memento Vivere tient \u00e0 remercier chaleureusement l\u2019ensemble de ses sponsors et partenaires pour leur confiance et leur soutien.<br>Gr\u00e2ce \u00e0 leur engagement, nos projets peuvent voir le jour, se d\u00e9velopper et continuer \u00e0 porter des actions culturelles, sociales et humaines qui font sens.<\/p>\n\n\n\n<p><strong>Merci de faire partie de cette aventure. <\/strong><\/p>\n\n\n\n<div class=\"wp-block-columns is-layout-flex wp-container-core-columns-is-layout-9d6595d7 wp-block-columns-is-layout-flex\">\n<div class=\"wp-block-column is-vertically-aligned-stretch is-layout-flow wp-block-column-is-layout-flow\" style=\"flex-basis:100%\">\n<div class=\"wp-block-columns is-layout-flex wp-container-core-columns-is-layout-9d6595d7 wp-block-columns-is-layout-flex\">\n<div class=\"wp-block-column is-layout-flow wp-block-column-is-layout-flow\" style=\"flex-basis:100%\">\n<div class=\"wp-block-columns is-layout-flex wp-container-core-columns-is-layout-9d6595d7 wp-block-columns-is-layout-flex\">\n<div class=\"wp-block-column is-vertically-aligned-center is-layout-flow wp-block-column-is-layout-flow\" style=\"flex-basis:100%\">\n<div class=\"wp-block-group\"><div class=\"wp-block-group__inner-container is-layout-constrained wp-block-group-is-layout-constrained\">\n<figure class=\"wp-block-gallery alignleft has-nested-images columns-default is-cropped wp-block-gallery-2 is-layout-flex wp-block-gallery-is-layout-flex\">\n<figure class=\"wp-block-image size-large\"><img loading=\"lazy\" decoding=\"async\" width=\"1024\" height=\"960\" data-id=\"941\" src=\"https:\/\/mementovivere.be\/wp-content\/uploads\/2026\/01\/Logo_Magnus_vect-3-1024x960.jpg\" alt=\"\" class=\"wp-image-941\" srcset=\"https:\/\/mementovivere.be\/wp-content\/uploads\/2026\/01\/Logo_Magnus_vect-3-1024x960.jpg 1024w, https:\/\/mementovivere.be\/wp-content\/uploads\/2026\/01\/Logo_Magnus_vect-3-300x281.jpg 300w, https:\/\/mementovivere.be\/wp-content\/uploads\/2026\/01\/Logo_Magnus_vect-3-768x720.jpg 768w, https:\/\/mementovivere.be\/wp-content\/uploads\/2026\/01\/Logo_Magnus_vect-3-1536x1439.jpg 1536w, https:\/\/mementovivere.be\/wp-content\/uploads\/2026\/01\/Logo_Magnus_vect-3.jpg 1654w\" sizes=\"auto, (max-width: 767px) 89vw, (max-width: 1000px) 54vw, (max-width: 1071px) 543px, 580px\" \/><\/figure>\n\n\n\n<figure class=\"wp-block-image size-full\"><img loading=\"lazy\" decoding=\"async\" width=\"416\" height=\"500\" data-id=\"942\" src=\"https:\/\/mementovivere.be\/wp-content\/uploads\/2026\/01\/BMW-Bilia-24-centre-gris-big-3.png\" alt=\"\" class=\"wp-image-942\" srcset=\"https:\/\/mementovivere.be\/wp-content\/uploads\/2026\/01\/BMW-Bilia-24-centre-gris-big-3.png 416w, https:\/\/mementovivere.be\/wp-content\/uploads\/2026\/01\/BMW-Bilia-24-centre-gris-big-3-250x300.png 250w\" sizes=\"auto, (max-width: 416px) 100vw, 416px\" \/><\/figure>\n<\/figure>\n<\/div><\/div>\n<\/div>\n<\/div>\n<\/div>\n<\/div>\n\n\n\n<div class=\"wp-block-columns is-layout-flex wp-container-core-columns-is-layout-9d6595d7 wp-block-columns-is-layout-flex\">\n<div class=\"wp-block-column is-layout-flow wp-block-column-is-layout-flow\">\n<figure class=\"wp-block-image size-large\"><img loading=\"lazy\" decoding=\"async\" width=\"200\" height=\"200\" src=\"https:\/\/mementovivere.be\/wp-content\/uploads\/2026\/01\/telecharger-1-2.jpg\" alt=\"\" class=\"wp-image-932\" srcset=\"https:\/\/mementovivere.be\/wp-content\/uploads\/2026\/01\/telecharger-1-2.jpg 200w, https:\/\/mementovivere.be\/wp-content\/uploads\/2026\/01\/telecharger-1-2-150x150.jpg 150w, https:\/\/mementovivere.be\/wp-content\/uploads\/2026\/01\/telecharger-1-2-100x100.jpg 100w\" sizes=\"auto, (max-width: 200px) 100vw, 200px\" \/><\/figure>\n<\/div>\n\n\n\n<div class=\"wp-block-column is-layout-flow wp-block-column-is-layout-flow\">\n<figure class=\"wp-block-image size-large\"><img loading=\"lazy\" decoding=\"async\" width=\"1024\" height=\"798\" src=\"https:\/\/mementovivere.be\/wp-content\/uploads\/2026\/01\/LOGO-LUX-INFORMATIQUE-FOND-COULEUR-4-1024x798.png\" alt=\"\" class=\"wp-image-937\" srcset=\"https:\/\/mementovivere.be\/wp-content\/uploads\/2026\/01\/LOGO-LUX-INFORMATIQUE-FOND-COULEUR-4-1024x798.png 1024w, https:\/\/mementovivere.be\/wp-content\/uploads\/2026\/01\/LOGO-LUX-INFORMATIQUE-FOND-COULEUR-4-300x234.png 300w, https:\/\/mementovivere.be\/wp-content\/uploads\/2026\/01\/LOGO-LUX-INFORMATIQUE-FOND-COULEUR-4-768x598.png 768w, https:\/\/mementovivere.be\/wp-content\/uploads\/2026\/01\/LOGO-LUX-INFORMATIQUE-FOND-COULEUR-4-1536x1197.png 1536w, https:\/\/mementovivere.be\/wp-content\/uploads\/2026\/01\/LOGO-LUX-INFORMATIQUE-FOND-COULEUR-4-2048x1596.png 2048w\" sizes=\"auto, (max-width: 767px) 89vw, (max-width: 1000px) 54vw, (max-width: 1071px) 543px, 580px\" \/><\/figure>\n<\/div>\n<\/div>\n<\/div>\n<\/div>\n","protected":false},"excerpt":{"rendered":"<p>Cliquez ici pour vous inscrire \u00e0 la newsletter Memento Vivere asbl offre un espace permettant \u00e0 chacun, moyennant une participation aux frais \u00e9quitable, d\u2019en faire son atelier artistique avec un espace de rangement pour votre oeuvre en cours et votre mat\u00e9riel. Pourvu d\u2019une excellente installation d\u2019\u00e9clairage et des syst\u00e8mes d\u2019accrochage avec des \u0153uvres directement visibles &hellip; <\/p>\n<p class=\"link-more\"><a href=\"https:\/\/mementovivere.be\/\" class=\"more-link\">Continuer la lecture<span class=\"screen-reader-text\"> de &laquo;&nbsp;A propos&nbsp;&raquo;<\/span><\/a><\/p>\n","protected":false},"author":2,"featured_media":0,"parent":0,"menu_order":0,"comment_status":"closed","ping_status":"closed","template":"","meta":{"footnotes":""},"class_list":["post-83","page","type-page","status-publish","hentry"],"_links":{"self":[{"href":"https:\/\/mementovivere.be\/index.php\/wp-json\/wp\/v2\/pages\/83","targetHints":{"allow":["GET"]}}],"collection":[{"href":"https:\/\/mementovivere.be\/index.php\/wp-json\/wp\/v2\/pages"}],"about":[{"href":"https:\/\/mementovivere.be\/index.php\/wp-json\/wp\/v2\/types\/page"}],"author":[{"embeddable":true,"href":"https:\/\/mementovivere.be\/index.php\/wp-json\/wp\/v2\/users\/2"}],"replies":[{"embeddable":true,"href":"https:\/\/mementovivere.be\/index.php\/wp-json\/wp\/v2\/comments?post=83"}],"version-history":[{"count":17,"href":"https:\/\/mementovivere.be\/index.php\/wp-json\/wp\/v2\/pages\/83\/revisions"}],"predecessor-version":[{"id":943,"href":"https:\/\/mementovivere.be\/index.php\/wp-json\/wp\/v2\/pages\/83\/revisions\/943"}],"wp:attachment":[{"href":"https:\/\/mementovivere.be\/index.php\/wp-json\/wp\/v2\/media?parent=83"}],"curies":[{"name":"wp","href":"https:\/\/api.w.org\/{rel}","templated":true}]}}